{"id":228,"date":"2020-01-26T22:22:54","date_gmt":"2020-01-26T22:22:54","guid":{"rendered":"http:\/\/meteosadevesa.cat\/?page_id=228"},"modified":"2023-07-17T17:15:51","modified_gmt":"2023-07-17T17:15:51","slug":"historic","status":"publish","type":"page","link":"http:\/\/meteosadevesa.cat\/index.php\/historic\/","title":{"rendered":"HIST\u00d2RIC DADES"},"content":{"rendered":"\r\n<p>Aquest \u00e9s un hist\u00f2ric de dades de Sant Mart\u00ed Sadevesa :<\/p>\r\n<p>Cliqueu a sobre de l&#8217;any per descarregar un excel amb la temperatura m\u00e0xima i m\u00ednima i la pluja de cada dia (a partir del 2018 tamb\u00e9 hi ha la humitat m\u00e0xima i m\u00ednima):<\/p>\r\n<p><a href=\"http:\/\/meteosadevesa.cat\/wp-content\/uploads\/2023\/07\/2022.xlsx\">2022<\/a><\/p>\r\n<p><a href=\"http:\/\/meteosadevesa.cat\/wp-content\/uploads\/2023\/07\/2021.xlsx\">2021<\/a><\/p>\r\n<p><a href=\"http:\/\/meteosadevesa.cat\/wp-content\/uploads\/2023\/07\/2020.xlsx\">2020<\/a><\/p>\r\n<p><a href=\"http:\/\/meteosadevesa.cat\/wp-content\/uploads\/2023\/07\/2019.xlsx\">2019<\/a><\/p>\r\n<p><a href=\"http:\/\/meteosadevesa.cat\/wp-content\/uploads\/2023\/07\/2017-2018.xlsx\">2017-2018<\/a><\/p>\r\n<p><a style=\"color: #db2723; transition: all 300ms ease-out 0s; outline: none;\" href=\"http:\/\/meteosadevesa.cat\/wp-content\/uploads\/2023\/07\/2010.xlsx\">2010<\/a>\u00a0<\/p>\r\n<p><a href=\"http:\/\/meteosadevesa.cat\/wp-content\/uploads\/2023\/07\/2011-2012.xlsx\">2011-2012<\/a><\/p>\r\n<p><a href=\"http:\/\/meteosadevesa.cat\/wp-content\/uploads\/2023\/07\/2009.xlsx\">2009<\/a><\/p>\r\n<p><a href=\"http:\/\/meteosadevesa.cat\/wp-content\/uploads\/2023\/07\/2008.xlsx\">2008<\/a><\/p>\r\n<p><a href=\"http:\/\/meteosadevesa.cat\/wp-content\/uploads\/2023\/07\/2007.xlsx\">2007<\/a><\/p>\r\n<p><a href=\"http:\/\/meteosadevesa.cat\/wp-content\/uploads\/2023\/07\/2006.xlsx\">2006<\/a><\/p>\r\n<p><a href=\"http:\/\/meteosadevesa.cat\/wp-content\/uploads\/2023\/07\/1994-pluja.xlsx\">1994<\/a><a href=\"http:\/\/meteosadevesa.cat\/wp-content\/uploads\/2023\/07\/1993-pluja.xlsx\"> (nom\u00e9s pluja)\u00a0<\/a><\/p>\r\n<p><a href=\"http:\/\/meteosadevesa.cat\/wp-content\/uploads\/2023\/07\/1993-pluja.xlsx\">1993 (nom\u00e9s pluja)\u00a0<\/a><\/p>\r\n<p><a href=\"http:\/\/meteosadevesa.cat\/wp-content\/uploads\/2023\/07\/1992-pluja.xlsx\">1992<\/a><a href=\"http:\/\/meteosadevesa.cat\/wp-content\/uploads\/2023\/07\/1993-pluja.xlsx\"> (nom\u00e9s pluja)\u00a0<\/a><\/p>\r\n<p><a href=\"http:\/\/meteosadevesa.cat\/wp-content\/uploads\/2023\/07\/1991-pluja.xlsx\">1991<\/a><a href=\"http:\/\/meteosadevesa.cat\/wp-content\/uploads\/2023\/07\/1993-pluja.xlsx\"> (nom\u00e9s pluja)\u00a0<\/a><\/p>\r\n<p><a href=\"http:\/\/meteosadevesa.cat\/wp-content\/uploads\/2023\/07\/1974.xlsx\">1974<\/a><\/p>\r\n<p><a href=\"http:\/\/meteosadevesa.cat\/wp-content\/uploads\/2023\/07\/1973.xlsx\">1973<\/a><\/p>\r\n<p><a href=\"http:\/\/meteosadevesa.cat\/wp-content\/uploads\/2023\/07\/1972.xlsx\">1972<\/a><\/p>\r\n<p><a href=\"http:\/\/meteosadevesa.cat\/wp-content\/uploads\/2023\/07\/1971-pluja.xlsx\">1971<\/a><a href=\"http:\/\/meteosadevesa.cat\/wp-content\/uploads\/2023\/07\/1993-pluja.xlsx\"> (nom\u00e9s pluja)\u00a0<\/a><\/p>\r\n<p><a href=\"http:\/\/meteosadevesa.cat\/wp-content\/uploads\/2023\/07\/1969.xlsx\">1969<\/a><\/p>\r\n<p><a href=\"http:\/\/meteosadevesa.cat\/wp-content\/uploads\/2023\/07\/1968.xlsx\">1968<\/a><\/p>\r\n<p><a href=\"http:\/\/meteosadevesa.cat\/wp-content\/uploads\/2023\/07\/1963.xlsx\">1963<\/a><\/p>\r\n<p>&nbsp;<\/p>\r\n<p>Tamb\u00e9 tenim un sensor al bosc (a 240 metres d&#8217;al\u00e7ada) per poder mirar la inversi\u00f3 t\u00e8rmica que hi ha la majoria de dies de l&#8217;any:<\/p>\r\n<p><a href=\"http:\/\/meteosadevesa.cat\/wp-content\/uploads\/2023\/07\/Diferencia-temperatura-i-humitat-bosc.xlsx\">Difer\u00e8ncia temperatura i humitat bosc<\/a>\u00a0<\/p>\r\n<p>&nbsp;<\/p>\r\n<p><strong>Excels d&#8217;altres variables meteorol\u00f2giques:<\/strong><\/p>\r\n<p><a href=\"http:\/\/meteosadevesa.cat\/wp-content\/uploads\/2023\/07\/Pluges-mensuals-i-anuals.xlsx\">Pluges mensuals i anuals<\/a><\/p>\r\n<p><a href=\"http:\/\/meteosadevesa.cat\/wp-content\/uploads\/2023\/07\/Pressio-maxima-i-minima-2018.xlsx\">Pressi\u00f3 m\u00e0xima i m\u00ednima 2018<\/a><\/p>\r\n<p><a href=\"http:\/\/meteosadevesa.cat\/wp-content\/uploads\/2023\/07\/Pressio-maxima-i-minima-2019.xlsx\">Pressi\u00f3 m\u00e0xima i m\u00ednima 2019<\/a><\/p>\r\n<p><a href=\"http:\/\/meteosadevesa.cat\/wp-content\/uploads\/2023\/07\/Pressio-maxima-i-minima-2020.xlsx\">Pressi\u00f3 m\u00e0xima i m\u00ednima 2020<\/a><\/p>\r\n<p><a href=\"http:\/\/meteosadevesa.cat\/wp-content\/uploads\/2023\/07\/Pressio-maxima-i-minima-2021.xlsx\">Pressi\u00f3 m\u00e0xima i m\u00ednima 2021<\/a><\/p>\r\n<p><a href=\"http:\/\/meteosadevesa.cat\/wp-content\/uploads\/2023\/07\/Evaporacio.xlsx\">Evaporaci\u00f3<\/a> (des del 3\/5\/2023)<\/p>\r\n<p><a style=\"color: #db2723; transition: all 300ms ease-out 0s; outline: none;\" href=\"http:\/\/meteosadevesa.cat\/wp-content\/uploads\/2023\/07\/Vuitens-de-nuvols.xlsx\">Vuitens de n\u00favols<\/a><\/p>\r\n<p>&nbsp;<\/p>\r\n<p>&nbsp;<\/p>\r\n","protected":false},"excerpt":{"rendered":"<p>Aquest \u00e9s un hist\u00f2ric de dades de Sant Mart\u00ed Sadevesa : Cliqueu a sobre de l&#8217;any per descarregar un excel amb la temperatura m\u00e0xima i m\u00ednima i la pluja de cada dia (a partir del 2018 tamb\u00e9 hi ha la humitat m\u00e0xima i m\u00ednima): 2022 2021 2020 2019 2017-2018 2010\u00a0 2011-2012 2009 2008 2007 2006 [&hellip;]<\/p>\n","protected":false},"author":1,"featured_media":0,"parent":0,"menu_order":0,"comment_status":"closed","ping_status":"closed","template":"","meta":[],"_links":{"self":[{"href":"http:\/\/meteosadevesa.cat\/index.php\/wp-json\/wp\/v2\/pages\/228"}],"collection":[{"href":"http:\/\/meteosadevesa.cat\/index.php\/wp-json\/wp\/v2\/pages"}],"about":[{"href":"http:\/\/meteosadevesa.cat\/index.php\/wp-json\/wp\/v2\/types\/page"}],"author":[{"embeddable":true,"href":"http:\/\/meteosadevesa.cat\/index.php\/wp-json\/wp\/v2\/users\/1"}],"replies":[{"embeddable":true,"href":"http:\/\/meteosadevesa.cat\/index.php\/wp-json\/wp\/v2\/comments?post=228"}],"version-history":[{"count":7,"href":"http:\/\/meteosadevesa.cat\/index.php\/wp-json\/wp\/v2\/pages\/228\/revisions"}],"predecessor-version":[{"id":846,"href":"http:\/\/meteosadevesa.cat\/index.php\/wp-json\/wp\/v2\/pages\/228\/revisions\/846"}],"wp:attachment":[{"href":"http:\/\/meteosadevesa.cat\/index.php\/wp-json\/wp\/v2\/media?parent=228"}],"curies":[{"name":"wp","href":"https:\/\/api.w.org\/{rel}","templated":true}]}}